{"id":1112,"date":"2018-07-20T09:26:52","date_gmt":"2018-07-20T09:26:52","guid":{"rendered":"https:\/\/tuttipertutti.org\/?page_id=1112"},"modified":"2024-05-09T21:15:58","modified_gmt":"2024-05-09T20:15:58","slug":"privacy-policy","status":"publish","type":"page","link":"https:\/\/tuttipertutti.org\/index.php\/privacy-policy\/","title":{"rendered":"Privacy Policy"},"content":{"rendered":"<section class=\"wpb-content-wrapper\"><p>[vc_row hide_bg_image_on_tablet=&#8221;&#8221; hide_bg_image_on_mobile=&#8221;&#8221; css=&#8221;.vc_custom_1527690588959{background-color: #f7f8f9 !important;}&#8221;][vc_column icons_position=&#8221;left&#8221;][vc_column_text]Nello svolgimento della nostra attivit\u00e0 entriamo in contatto con numerosi soggetti dei quali \u00e8 necessario raccogliere dati personali per fruire dei nostri servizi. La tutela e salvaguardia della tua privacy \u00e8 fondamentale, e desideriamo informarti su quali dati raccogliamo, l\u2019uso che ne viene fatto e le misure adottate per la sicurezza dei dati.<\/p>\n<p>Si tratta di un\u2019informativa che \u00e8 resa anche ai sensi dell\u2019art. 13 del D.Lgs. n. 196\/2003 \u2013 Codice in materia di protezione dei dati personali, e ai sensi dell\u2019ART. 13 del GDPR \u2013 REGOLAMENTO UE 2016\/679 PER IL TRATTAMENTO DEI DATI PERSONALI.<\/p>\n<p>L\u2019informativa \u00e8 resa solo per il sito dell\u2019associazione e non anche per altri siti web eventualmente consultati dall\u2019utente tramite link. La nostra attivit\u00e0 ci porta regolarmente in contatto con numerosi stakeholder, come di seguito meglio specificati, a cui rivolgiamo i contenuti di questa informativa.<\/p>\n<p>&nbsp;<\/p>\n<p><strong><span style=\"color: #333333;\">Soggetti con i quali abbiamo un rapporto continuativo:<\/span><\/strong><\/p>\n<p>Soci e familiari conviventi: persone che si associano volontariamente per fruire dei servizi erogati dall\u2019associazione<br \/>\nCollaboratori: persone che partecipano alla gestione dell\u2019associazione<br \/>\nUtenti che usufruiscono in modo continuativo dell\u2019attivit\u00e0 dell\u2019associazione<br \/>\nEventuali Enti e associazioni con cui collaboriamo in modo costante<\/p>\n<p>&nbsp;<\/p>\n<p><strong><span style=\"color: #333333;\">Soggetti con i quali abbiamo un rapporto pi\u00f9 saltuario:<\/span><\/strong><\/p>\n<p>Abbonati alla Newletter: utenti che hanno registrato il proprio indirizzo e-mail sul sito internet allo scopo di ricevere periodicamente e-mail di informazione sulle attivit\u00e0 dell\u2019associazione<br \/>\nVisitatori del sito: utenti che visitano il sito internet<br \/>\nSoggetti esterni presenti alle iniziative promosse direttamente dall\u2019associazione<\/p>\n<p>&nbsp;<\/p>\n<p><strong><span style=\"color: #333333;\">Soggetti giuridici con cui entriamo in contatto nello svolgimento delle nostre attivit\u00e0:<\/span><\/strong><\/p>\n<p>Soggetti istituzionali che sostengono i progetti sociali<br \/>\nEnti con cui abbiamo collaborazioni in corso<br \/>\nSoggetti con cui interagiamo nel corso di iniziative<br \/>\nAltri soggetti istituzionali<\/p>\n<p>&nbsp;<\/p>\n<p><strong><span style=\"color: #333333;\">Quali informazioni raccogliamo<\/span><\/strong><\/p>\n<p>Informazioni fornite direttamente dall\u2019interessato, relative a se stesso e\/o soggetti sui quali esercita potest\u00e0 genitoriale e\/o tutela<br \/>\ndati anagrafici (quali il tuo nome, cognome, indirizzo, e-mail, data di nascita ecc.) necessari per poter partecipare alle nostre attivit\u00e0, quali, ad esempio, progetti di vario tipo, effettuare donazioni, iscriverti alla nostra newsletter, partecipare alle nostre iniziative, ecc\u2026;<br \/>\ninformazioni relative alla tua professione (titolo di studio, esperienze lavorative ecc.) per poterti erogare servizi personalizzati (ad es. corsi di formazione) o semplicemente per la ricezione della tua candidatura per una posizione lavorativa;<br \/>\ndati bancari (ad es. iban) per permetterti di effettuare, tra le diverse cose, una donazione o effettuare il pagamento di un corso o di un servizio.<br \/>\nVogliamo ricordarti che, nel caso di acquisto online con carta di credito tramite il nostro sito internet, le informazioni finanziarie della carta di credito (numero, scadenza, generalit\u00e0 del titolare) possono essere conosciuti solo da parte dell\u2019istituto di emissione o dal servizio di pagamento (ad es. Paypal). Non ci assumiamo la responsabilit\u00e0 di utilizzi non autorizzati o fraudolenti, a favore dell\u2019Associazione Tutti x Tutti APS, della Tua carta di credito da parte di soggetti terzi.<\/p>\n<p>Informazioni che possono essere raccolte automaticamente durante la navigazione sul sito internet www.tuttixtutti.org:<\/p>\n<p>indirizzo IP del tuo computer;<br \/>\ntipo di browser e di sistema operativo in uso;<br \/>\ninformazioni sul server;<br \/>\ninformazioni raccolte tramite cookie (vedi successivo paragrafo);<br \/>\ndati anonimi sull\u2019utilizzo e sull\u2019esperienza degli utenti all\u2019interno dei nostri siti.<\/p>\n<p>&nbsp;<\/p>\n<p><strong><span style=\"color: #333333;\">Che cosa sono i cookie e come sono utilizzati<\/span><\/strong><\/p>\n<p>I cookie sono brevi frammenti di testo (lettere e\/o numeri) che permettono al server web di memorizzare sul browser (es: Internet Explorer, Chrome etc..) informazioni da riutilizzare nel corso della medesima visita al sito (cookie di sessione) o in seguito, anche a distanza di giorni (cookie persistenti). I cookie vengono memorizzati, in base alle preferenze dell\u2019utente, dal singolo browser sullo specifico dispositivo utilizzato (computer, tablet, smartphone). Visitando un sito web \u00e8 poi possibile ricevere cookie sia dal sito visitato (\u201cproprietari\u201d), sia da siti gestiti da altre organizzazioni (\u201cterze parti\u201d) quali ad esempio i \u201csocial plugin\u201d per Facebook, Twitter, Google+ e Linkedin collegati con il sito che si sta visitando.<\/p>\n<p>Il nostro sito internet utilizza i cookie per personalizzare e facilitare l\u2019esperienza di navigazione degli utenti.<\/p>\n<p>Sul nostro sito internet sono presenti sia cookie \u201cproprietari\u201d (ossia gestiti direttamente da Tutti x Tutti) di tipo \u201ctecnico\u201d secondo la definizione del Garante per la protezione dei dati personali con il Provvedimento Generale del 3 giugno 2014 (cd. Provvedimento \u201cCookie\u201d) sia cookie di \u201cterze parti\u201d (ossia predisposti e gestiti da soggetti terzi) che ricadono sotto la diretta ed esclusiva responsabilit\u00e0 dello stesso gestore.<\/p>\n<p>Il nostro sito internet include anche alcune componenti trasmesse da Google Analytics, un servizio di analisi del traffico web fornito da Google, Inc. (\u201cGoogle\u201d). Anche in questo caso si tratta di cookie di \u201cterze parti\u201d raccolti e gestiti in modo anonimo per monitorare e migliorare le prestazioni del sito ospite (performance cookie). Google Analytics utilizza i \u201ccookie\u201d per raccogliere e analizzare in forma anonima le informazioni sui comportamenti di utilizzo dei siti web (compreso l\u2019indirizzo IP dell\u2019utente). Tali informazioni vengono raccolte da Google Analytics, che le elabora allo scopo di redigere report riguardanti le attivit\u00e0 sui siti web stessi. Google assicura di non associare l\u2019indirizzo IP a nessun altro dato posseduto da Google n\u00e9 di cercare di collegare un indirizzo IP con l\u2019identit\u00e0 di un utente. Per ulteriori informazioni, si rinvia al link di seguito indicato:\u00a0<a href=\"https:\/\/www.google.it\/policies\/privacy\/partners\/\">https:\/\/www.google.it\/policies\/privacy\/partners\/<\/a>.<\/p>\n<p>Ciascun utente pu\u00f2 scegliere di disabilitare in modo selettivo l\u2019azione di Google. Per disabilitare l\u2019azione di Google Analytics, si rinvia al link di seguito indicato:\u00a0<a href=\"https:\/\/tools.google.com\/dlpage\/gaoptout\">https:\/\/tools.google.com\/dlpage\/gaoptout<\/a><\/p>\n<p><strong><span style=\"color: #333333;\">Gestione\/disattivazione dei cookie dal browser<\/span><\/strong><br \/>\n\u00c8 possibile gestire\/disattivare i cookie utilizzando le impostazioni del proprio browser. L\u2019impostazione pu\u00f2 essere definita in modo specifico per i diversi siti e applicazioni web. Inoltre i migliori browser consentono di definire impostazioni diverse per i cookie \u201cproprietari\u201d e per quelli di \u201cterze parti\u201d.<\/p>\n<p>Per le modalit\u00e0 di gestione\/disattivazione dei cookie, ti invitiamo a consultare la documentazione specifica del tuo browser.<\/p>\n<p>&nbsp;<\/p>\n<p><strong><span style=\"color: #333333;\">Per quali finalit\u00e0 utilizziamo i tuoi dati<\/span><\/strong><br \/>\nDurante la navigazione \u00e8 possibile registrarsi per poter fruire di servizi specifici (ad es. effettuare una donazione, iscriverti alla newsletter, inoltrare \u00a0domanda di adesione ad un progetto ecc), operazione per cui sarai invitato ad inserire alcuni dati personali come nome, cognome, indirizzo e-mail, codice fiscale, ecc.<\/p>\n<p>I tuoi dati personali vengono trattati da Associazione Tutti x Tutti per perseguire le seguenti finalit\u00e0 istituzionali:<\/p>\n<p>servizi di formazione e informazione;<br \/>\niscrizione alla newsletter;<br \/>\nadesione ad iniziative e progetti;<br \/>\npromozione di eventi, iniziative di sensibilizzazione e raccolta fondi attraverso l\u2019invio di materiale informativo e promozionale;<br \/>\nattivit\u00e0 di raccolta fondi;<br \/>\ngestione amministrativa;<br \/>\nadempimento di obblighi di legge.<br \/>\nIn alcuni casi il trattamento dei dati da te conferiti \u00e8 obbligatorio per l\u2019esecuzione di una prestazione contrattuale da te richiesta (ad es. iscrizione alla newsletter, adesione ad una attivit\u00e0 o progetto ecc) e pertanto, la mancanza precluderebbe la possibilit\u00e0 di dare corso alla tua richiesta.<\/p>\n<p>In altri casi, il conferimento dei tuoi dati personali \u00e8 necessario per poter personalizzare e migliorare la qualit\u00e0 dei nostri servizi, nonch\u00e9 rispondere nel miglior modo possibile alle tue esigenze e il trattamento dei dati che ti riguardano avviene solo previo tuo espresso consenso.<\/p>\n<p>I tuoi dati potranno essere utilizzati per attivit\u00e0 di raccolta fondi e\/o per l\u2019invio di comunicazioni personalizzate, entrambe attivit\u00e0 che possono implicare una profilazione e\/o un incrocio dei dati, o per inviarti messaggi di aggiornamento relativi alle attivit\u00e0 istituzionali dell\u2019Associazione con sistemi automatizzati (es: sms, e-mail ) o non (posta cartacea e telefono con operatore).<\/p>\n<p>&nbsp;<\/p>\n<p><strong><span style=\"color: #333333;\">Come gestiamo i tuoi dati<\/span><\/strong><\/p>\n<p>L\u2019Associazione Tutti x Tutti garantisce che il trattamento dei dati avviene nel massimo rispetto della tua riservatezza. Le informazioni che ti riguardano sono fornite a terzi per:<\/p>\n<p>Esercizio delle attivit\u00e0 che rientrano negli scopi sociali;<br \/>\nEsercizio delle attivit\u00e0 connesse agli scopi dell\u2019Associazione<br \/>\nPubblicazioni inerenti agli scopi connessi alle attivit\u00e0 dell\u2019associazione<br \/>\nper fornire alcuni aspetti delle nostre attivit\u00e0, a titolo esemplificativo per l\u2019invio di mailing list o per agevolare i nostri fruitori nell\u2019esecuzione di pagamenti, ci affidiamo a fornitori, consulenti, collaboratori ecc.. In questo caso verifichiamo che i nostri partner e fornitori assicurino sempre i migliori standard in termini di sicurezza e di riservatezza;<br \/>\nper rispettare eventuali leggi vigenti, regolamenti, procedimenti legali o richieste da parte di Autorit\u00e0 Pubbliche;<br \/>\nper rilevare, prevenire o risolvere problemi relativi a frodi, per motivi di sicurezza o per problemi di natura tecnica;<br \/>\nper salvaguardare i diritti, la propriet\u00e0 o la sicurezza dei nostri soci o dell\u2019Associazione Tutti x Tutti Aps.<br \/>\nI tuoi dati personali non saranno mai diffusi in mancanza del tuo consenso.<\/p>\n<p>&nbsp;<\/p>\n<p><strong><span style=\"color: #333333;\">Durata del trattamento<\/span><\/strong><\/p>\n<p>I dati personali che ti riguardano verranno conservati per il periodo di tempo necessario rispetto alle finalit\u00e0 indicate nella presente informativa e comunque rispettando i seguenti termini:<\/p>\n<p>per i dati relativi alle donazioni o per i contenuti da te spontaneamente generati, i dati vengono conservati fino a revoca del tuo consenso;<br \/>\nper i dati relativi alla fruizione di servizi il termine \u00e8 di 10 anni dalla cessazione\/fruizione del servizio;<br \/>\nper i dati finanziari\/fiscali (ad es. pagamenti, rimborsi, ecc.) vengono conservati per la durata richiesta dalle leggi fiscali e contabili applicabili.<br \/>\nPer tutte le altre tipologie di dati verranno conservati per il periodo di tempo indispensabile e comunque non eccedente rispetto a quanto richiesto dalla normativa vigente.<\/p>\n<p>&nbsp;<\/p>\n<p><strong><span style=\"color: #333333;\">Quali sono i tuoi diritti<\/span><\/strong><\/p>\n<p>Puoi esercitare in qualunque momento i diritti di cui agli artt. 15-22 del Regolamento UE 679\/2016 e richiedere:<\/p>\n<p>l\u2019aggiornamento, la rettifica, l\u2019integrazione, la cancellazione, la trasformazione in forma anonima, il blocco dei dati trattati in violazione di legge, ivi compresi quelli non pi\u00f9 necessari al perseguimento degli scopi per i quali sono stati raccolti;<br \/>\ninformazioni circa la logica, le modalit\u00e0 e le finalit\u00e0 del trattamento;<br \/>\nla ricezione di dati in un formato strutturato, di uso comune e leggibile da dispositivo automatico;<br \/>\nrevoca del consenso eventualmente prestato relativamente al trattamento dei Suoi dati in qualsiasi momento ed opporsi in tutto od in parte, all\u2019utilizzo dei dati;<br \/>\nproporre reclamo all\u2019Autorit\u00e0, nonch\u00e9 di esercitare gli altri diritti a Lei riconosciuti dalla normativa vigente.<br \/>\nPrima di rispondere ad una tua richiesta, potremmo chiederti di verificare la tua identit\u00e0 e fornire ulteriori dettagli. Cercheremo comunque di rispondere entro un periodo di tempo appropriato e, in ogni caso, entro il periodo di tempo previsto dalla legge.<\/p>\n<p>Ti ricordiamo infine che per poter esercitare i diritti sopra richiamati, non devi far altro che scrivere alla Associazione Tutti x Tutti APS mediante l\u2019indirizzo e-mail\u00a0info@tuttixtutti.org<\/p>\n<p>&nbsp;<\/p>\n<p><strong><span style=\"color: #333333;\">Titolare del trattamento e responsabile della protezione dei dati<\/span><\/strong><\/p>\n<p>Associazione Tutti x Tutti APS<br \/>\nSede legale e sede principale:<br \/>\nLoc. Poggiolo 31\/E \u2013 52011 Bibbiena (AR)<\/p>\n<p>e-mail: info@tuttixtutti.org<br \/>\nC.F. 92099790518<\/p>\n<p>&nbsp;<\/p>\n<p><strong><span style=\"color: #333333;\">Modifiche all\u2019informativa privacy<\/span><\/strong><\/p>\n<p>L\u2019Associazione Tutti x Tutti APS potrebbe aggiornare la presente informativa sulla privacy in qualsiasi momento sul proprio sito.<\/p>\n<p>In caso di modifica della presente informativa sulla privacy, aggiorneremo la \u201cData di entrata in vigore\u201d. Ti consigliamo in ogni caso di consultare questa pagina per eventuali aggiornamenti e modifiche della nostra informativa sulla privacy.<\/p>\n<p>Ultimo aggiornamento 18 Febbraio 2024<\/p>\n<p>[\/vc_column_text][vc_empty_space height=&#8221;4em&#8221; alter_height=&#8221;none&#8221; hide_on_mobile=&#8221;&#8221; hide_on_desktop=&#8221;&#8221; hide_on_notebook=&#8221;&#8221; hide_on_tablet=&#8221;&#8221;][\/vc_column][\/vc_row]<\/p>\n<\/section>","protected":false},"excerpt":{"rendered":"<p>[vc_row hide_bg_image_on_tablet=&#8221;&#8221; hide_bg_image_on_mobile=&#8221;&#8221; css=&#8221;.vc_custom_1527690588959{background-color: #f7f8f9 !important;}&#8221;][vc_column icons_position=&#8221;left&#8221;][vc_column_text]Nello svolgimento della nostra attivit\u00e0 entriamo in contatto con numerosi soggetti dei quali \u00e8 necessario raccogliere dati personali per fruire dei nostri servizi. La [&hellip;]<\/p>\n","protected":false},"author":1,"featured_media":0,"parent":0,"menu_order":0,"comment_status":"closed","ping_status":"closed","template":"","meta":{"_EventAllDay":false,"_EventTimezone":"","_EventStartDate":"","_EventEndDate":"","_EventStartDateUTC":"","_EventEndDateUTC":"","_EventShowMap":false,"_EventShowMapLink":false,"_EventURL":"","_EventCost":"","_EventCostDescription":"","_EventCurrencySymbol":"","_EventCurrencyCode":"","_EventCurrencyPosition":"","_EventDateTimeSeparator":"","_EventTimeRangeSeparator":"","_EventOrganizerID":[],"_EventVenueID":[],"_OrganizerEmail":"","_OrganizerPhone":"","_OrganizerWebsite":"","_VenueAddress":"","_VenueCity":"","_VenueCountry":"","_VenueProvince":"","_VenueState":"","_VenueZip":"","_VenuePhone":"","_VenueURL":"","_VenueStateProvince":"","_VenueLat":"","_VenueLng":"","_VenueShowMap":false,"_VenueShowMapLink":false,"footnotes":""},"class_list":["post-1112","page","type-page","status-publish","hentry"],"_links":{"self":[{"href":"https:\/\/tuttipertutti.org\/index.php\/wp-json\/wp\/v2\/pages\/1112","targetHints":{"allow":["GET"]}}],"collection":[{"href":"https:\/\/tuttipertutti.org\/index.php\/wp-json\/wp\/v2\/pages"}],"about":[{"href":"https:\/\/tuttipertutti.org\/index.php\/wp-json\/wp\/v2\/types\/page"}],"author":[{"embeddable":true,"href":"https:\/\/tuttipertutti.org\/index.php\/wp-json\/wp\/v2\/users\/1"}],"replies":[{"embeddable":true,"href":"https:\/\/tuttipertutti.org\/index.php\/wp-json\/wp\/v2\/comments?post=1112"}],"version-history":[{"count":4,"href":"https:\/\/tuttipertutti.org\/index.php\/wp-json\/wp\/v2\/pages\/1112\/revisions"}],"predecessor-version":[{"id":5017,"href":"https:\/\/tuttipertutti.org\/index.php\/wp-json\/wp\/v2\/pages\/1112\/revisions\/5017"}],"wp:attachment":[{"href":"https:\/\/tuttipertutti.org\/index.php\/wp-json\/wp\/v2\/media?parent=1112"}],"curies":[{"name":"wp","href":"https:\/\/api.w.org\/{rel}","templated":true}]}}