{"id":29,"date":"2016-09-09T11:53:10","date_gmt":"2016-09-09T11:53:10","guid":{"rendered":"https:\/\/tuttipertutti.org\/?page_id=29"},"modified":"2024-05-20T21:38:19","modified_gmt":"2024-05-20T20:38:19","slug":"cosa-facciamo","status":"publish","type":"page","link":"https:\/\/tuttipertutti.org\/index.php\/cosa-facciamo\/","title":{"rendered":"Cosa Facciamo"},"content":{"rendered":"<section class=\"wpb-content-wrapper\"><p>[vc_row][vc_column][vc_column_text]Tutti x Tutti nasce con lo scopo di realizzare progetti mirati di tempo libero, gioco e partecipazione ad attivit\u00e0 sportive e ricreative, e di creare occasioni di incontro stabili tra persone con e senza disabilit\u00e0 per costruire una societ\u00e0 pi\u00f9 inclusiva, nella quale anche ogni persona autistica e con disabilit\u00e0 possa esprimersi, sviluppare al meglio le proprie potenzialit\u00e0 e punti di forza, avere relazioni significative e perseguire in autonomia una vita il pi\u00f9 possibile indipendente, gratificante e soddisfacente.<\/p>\n<p>Non esistono \u201cpersone speciali\u201d, esistono semplicemente \u201cpersone\u201d, ciascuna con le proprie diversit\u00e0. Ognuno di noi ha le proprie peculiarit\u00e0, punti di forza e debolezza. Ci\u00f2 che si prefigge di fare Tutti xTutti, anche in collaborazione con altre associazioni e con chi a vario titolo si occupa di autismo e disabilit\u00e0, \u00e8 promuovere e favorire la conoscenza e il confronto con le diversit\u00e0 quale occasione di crescita e arricchimento personale, per raggiungere una piena e autentica inclusione sociale.[\/vc_column_text][\/vc_column][\/vc_row][vc_row][vc_column][vc_column_text][\/vc_column_text][vc_empty_space][\/vc_column][\/vc_row][vc_row full_width=&#8221;stretch_row&#8221; css=&#8221;.vc_custom_1705771206422{background-color: #f2f2f2 !important;}&#8221;][vc_column][vc_empty_space][vc_row_inner][vc_column_inner width=&#8221;1\/3&#8243;][vc_column_text]<\/p>\n<h4 class=\"sc_call_to_action_title sc_item_title sc_item_title_without_descr\"><span style=\"color: #808080;\">Dona adesso e contribuisci alle iniziative di Tutti x Tutti<\/span><\/h4>\n<p>[\/vc_column_text][\/vc_column_inner][vc_column_inner width=&#8221;1\/3&#8243;][vc_single_image image=&#8221;518&#8243; alignment=&#8221;center&#8221;][\/vc_column_inner][vc_column_inner width=&#8221;1\/3&#8243;][vc_column_text]<\/p>\n<p style=\"text-align: center;\"><a href=\"\/index.php\/dona-adesso\/\"><button style=\"width: 200px; height: 50px; background: #1952a1; color: #fff; text-align: center; cursor: pointer; padding: 10px; border-radius: 3px 3px 3px 3px; border: 0px; font-weight: bold; font-size: 20px;\">Dona Adesso<\/button><\/a><\/p>\n<p>[\/vc_column_text][\/vc_column_inner][\/vc_row_inner][\/vc_column][\/vc_row][vc_row][vc_column][vc_empty_space][\/vc_column][\/vc_row][vc_row][vc_column width=&#8221;1\/2&#8243;][vc_column_text]<strong>Formazione ed informazione<\/strong><\/p>\n<p>Vogliamo sensibilizzare il territorio sul tema dell\u2019autismo e della diversit\u00e0 in generale, richiamando l\u2019attenzione sul ruolo che i membri del contesto sociale possono svolgere per migliorare le condizioni di vita delle persone con fragilit\u00e0, anche attraverso progetti finalizzati alla prevenzione degli atti di bullismo e discriminazione nelle scuole e in ambiente extrascolastico.[\/vc_column_text][\/vc_column][vc_column width=&#8221;1\/2&#8243;][vc_column_text]<strong>Inclusione sociale<\/strong><\/p>\n<p>Il nostro obiettivo \u00e8 realizzare progetti che rispondano ai bisogni di famiglie con bambini e ragazzi con autismo e disabilit\u00e0 per far vivere ai loro figli esperienze di socialit\u00e0 in un clima di INCLUSIONE, perch\u00e9 TUTTI siano resi pi\u00f9 sensibili e consapevoli della ricchezza che la diversit\u00e0 offre a ciascuno di noi.Vogliamo proporre attivit\u00e0, giochi, laboratori e sport per valorizzare le abilit\u00e0 personali e sociali e offrire un aiuto all\u2019inclusione anche fuori dal contesto scolastico.[\/vc_column_text][\/vc_column][\/vc_row][vc_row][vc_column][vc_empty_space][\/vc_column][\/vc_row]<\/p>\n<\/section>","protected":false},"excerpt":{"rendered":"<p>[vc_row][vc_column][vc_column_text]Tutti x Tutti nasce con lo scopo di realizzare progetti mirati di tempo libero, gioco e partecipazione ad attivit\u00e0 sportive e ricreative, e di creare occasioni di incontro stabili tra [&hellip;]<\/p>\n","protected":false},"author":1,"featured_media":0,"parent":0,"menu_order":0,"comment_status":"closed","ping_status":"closed","template":"","meta":{"_EventAllDay":false,"_EventTimezone":"","_EventStartDate":"","_EventEndDate":"","_EventStartDateUTC":"","_EventEndDateUTC":"","_EventShowMap":false,"_EventShowMapLink":false,"_EventURL":"","_EventCost":"","_EventCostDescription":"","_EventCurrencySymbol":"","_EventCurrencyCode":"","_EventCurrencyPosition":"","_EventDateTimeSeparator":"","_EventTimeRangeSeparator":"","_EventOrganizerID":[],"_EventVenueID":[],"_OrganizerEmail":"","_OrganizerPhone":"","_OrganizerWebsite":"","_VenueAddress":"","_VenueCity":"","_VenueCountry":"","_VenueProvince":"","_VenueState":"","_VenueZip":"","_VenuePhone":"","_VenueURL":"","_VenueStateProvince":"","_VenueLat":"","_VenueLng":"","_VenueShowMap":false,"_VenueShowMapLink":false,"footnotes":""},"class_list":["post-29","page","type-page","status-publish","hentry"],"_links":{"self":[{"href":"https:\/\/tuttipertutti.org\/index.php\/wp-json\/wp\/v2\/pages\/29","targetHints":{"allow":["GET"]}}],"collection":[{"href":"https:\/\/tuttipertutti.org\/index.php\/wp-json\/wp\/v2\/pages"}],"about":[{"href":"https:\/\/tuttipertutti.org\/index.php\/wp-json\/wp\/v2\/types\/page"}],"author":[{"embeddable":true,"href":"https:\/\/tuttipertutti.org\/index.php\/wp-json\/wp\/v2\/users\/1"}],"replies":[{"embeddable":true,"href":"https:\/\/tuttipertutti.org\/index.php\/wp-json\/wp\/v2\/comments?post=29"}],"version-history":[{"count":20,"href":"https:\/\/tuttipertutti.org\/index.php\/wp-json\/wp\/v2\/pages\/29\/revisions"}],"predecessor-version":[{"id":5058,"href":"https:\/\/tuttipertutti.org\/index.php\/wp-json\/wp\/v2\/pages\/29\/revisions\/5058"}],"wp:attachment":[{"href":"https:\/\/tuttipertutti.org\/index.php\/wp-json\/wp\/v2\/media?parent=29"}],"curies":[{"name":"wp","href":"https:\/\/api.w.org\/{rel}","templated":true}]}}