{"id":4736,"date":"2024-01-15T18:19:02","date_gmt":"2024-01-15T18:19:02","guid":{"rendered":"https:\/\/tuttipertutti.org\/?page_id=4736"},"modified":"2024-01-22T19:08:20","modified_gmt":"2024-01-22T18:08:20","slug":"diversita","status":"publish","type":"page","link":"https:\/\/tuttipertutti.org\/index.php\/diversita\/","title":{"rendered":"Diversit\u00e0"},"content":{"rendered":"<section class=\"wpb-content-wrapper\"><p>[vc_row][vc_column][vc_empty_space]<h2 class=\"sc_title sc_title_regular margin_top_tiny-\" data-animation=\"animated  normal\">Diversit\u00e0<\/h2>[vc_column_text]Dentro ciascuno di noi c\u2019\u00e8 un sogno, un sogno da inseguire per noi o per i nostri figli e per quanto possibile ognuno cerca di realizzarlo. Purtroppo per alcuni ci\u00f2 risulta pi\u00f9 difficile che per altri e soprattutto quando ci si scontra con la disabilit\u00e0 le possibilit\u00e0 di realizzazione possono apparire lontanissime se non impossibili, tanto che ci sembra irraggiungibile anche solo l\u2019idea di una vita ordinaria. Spesso vivere nella stessa casa con la disabilit\u00e0 ti porta ad allontanarti dagli altri. Esclusione ed emarginazione sono un rischio concreto per il presente e il futuro. Ci concentriamo sulle necessit\u00e0 del figlio o familiare disabile e tutto il resto passa spesso in secondo piano. Soprattutto all\u2019inizio per forza di cose siamo sopraffatti dalla necessit\u00e0 di proteggere e preservare qualcuno che ci sembra indifeso e bisognoso di aiuto, ma con il tempo si corre il rischio di mettere chi amiamo sotto una campana di vetro dalla quale risulta poi difficile uscire.<\/p>\n<p>Del resto uno degli stereotipi pi\u00f9 comuni \u00e8 quello di guardare alle persone con disabilit\u00e0 come qualcuno da accudire e custodire con una visione anche eccessivamente assistenzialistica, non tenendo presente che ci\u00f2 di cui invece queste persone avrebbero bisogno \u00e8 un sostegno adeguato per poter realizzare le loro aspirazioni, desideri e necessit\u00e0 nella societ\u00e0 di tutti.<\/p>\n<p>Purtroppo per\u00f2 \u00e8 anche vero che spesso la societ\u00e0 non si mostra particolarmente accogliente nei confronti delle diversit\u00e0, e ci\u00f2 preoccupa e spaventa chi invece fa della persona con disabilit\u00e0 la sua ragione di vita.<br \/>\nCi\u00f2 cui invece si dovrebbe aspirare \u00e8 una nuova visione. La parola DIVERSO, non dovrebbe essere vista soltanto in un\u2019accezione negativa: \u201cdiverso\u201d non \u00e8 inferiore, inadeguato o inabile, ma semplicemente differente. Le DIVERSIT\u00c0 non dovrebbero essere motivo di esclusione ma fonte di crescita per un\u2019aggregazione reale e concreta, che si possa manifestare anche nelle piccole cose della vita di tutti i giorni.<br \/>\nTuttixTutti nasce proprio con lo scopo di sensibilizzare la societ\u00e0 nel suo insieme al fine di abbandonare stereotipi e pregiudizi riferiti alle persone con disabilit\u00e0, e cercare invece di promuovere punti di forza e capacit\u00e0 di queste ultime, nel rispetto delle peculiarit\u00e0 e diversit\u00e0 di ognuno.<\/p>\n<p>Il nostro sogno \u00e8 riuscire ad offrire a chi non l\u2019ha ancora avuta l\u2019opportunit\u00e0 di essere parte integrante di qualcosa, di essere dentro al gruppo, nonostante le proprie diversit\u00e0, invece che ai margini per causa delle stesse.[\/vc_column_text][vc_empty_space height=&#8221;0.9em&#8221;][\/vc_column][\/vc_row][vc_row][vc_column][vc_empty_space height=&#8221;3.1em&#8221;][\/vc_column][\/vc_row][vc_row full_width=&#8221;stretch_row&#8221; css=&#8221;.vc_custom_1705144329378{background-image: url(https:\/\/tuttipertutti.org\/wp-content\/uploads\/2024\/01\/foto-tm-or.jpg?id=4685) !important;background-position: center !important;background-repeat: no-repeat !important;background-size: cover !important;}&#8221;][vc_column][vc_empty_space height=&#8221;1.5em&#8221;]<div id=\"sc_call_to_action_90611397\" class=\"sc_call_to_action sc_call_to_action_accented sc_call_to_action_style_1 sc_call_to_action_align_left margin_top_huge margin_bottom_huge\" data-animation=\"animated  normal\" style=\"width:100%;\"><div class=\"sc_call_to_action_info\"><h2 class=\"sc_call_to_action_title sc_item_title sc_item_title_without_descr\">Diversi <b>ma Uniti<\/b><\/h2><div class=\"sc_call_to_action_descr sc_item_descr\">Possiamo essere diversi senza essere divisi<\/div><div class=\"sc_call_to_action_buttons sc_item_buttons\"><div class=\"sc_call_to_action_button sc_item_button\"><a href=\"\/contacts\/\" data-animation=\"animated  normal\" class=\"sc_button sc_button_square sc_button_style_filled3 sc_button_size_large  sc_button_iconed icon-arrow\">Diventa Socio<\/a><\/div><\/div><\/div><\/div>[vc_empty_space height=&#8221;2em&#8221;][\/vc_column][\/vc_row][vc_row full_width=&#8221;stretch_row&#8221; css=&#8221;.vc_custom_1474543056562{background-color: #424242 !important;}&#8221;][vc_column][vc_empty_space][vc_row_inner][vc_column_inner width=&#8221;1\/3&#8243;][vc_column_text]<\/p>\n<h4 class=\"sc_call_to_action_title sc_item_title sc_item_title_without_descr\"><span style=\"color: #ffffff;\">Dona adesso e contribuisci alle iniziative di Tutti x Tutti<\/span><\/h4>\n<p>[\/vc_column_text][\/vc_column_inner][vc_column_inner width=&#8221;1\/3&#8243;][vc_single_image image=&#8221;518&#8243; alignment=&#8221;center&#8221;][\/vc_column_inner][vc_column_inner width=&#8221;1\/3&#8243;][vc_column_text]<\/p>\n<p style=\"text-align: center;\"><a href=\"\/index.php\/dona-adesso\/\"><button style=\"width: 200px; height: 50px; background: #1952a1; color: #fff; text-align: center; cursor: pointer; padding: 10px; border-radius: 3px 3px 3px 3px; border: 0px; font-weight: bold; font-size: 20px;\">Dona Adesso<\/button><\/a><\/p>\n<p>[\/vc_column_text][\/vc_column_inner][\/vc_row_inner][\/vc_column][\/vc_row]<\/p>\n<\/section>","protected":false},"excerpt":{"rendered":"<p>[vc_row][vc_column][vc_empty_space][vc_column_text]Dentro ciascuno di noi c\u2019\u00e8 un sogno, un sogno da inseguire per noi o per i nostri figli e per quanto possibile ognuno cerca di realizzarlo. Purtroppo per alcuni ci\u00f2 [&hellip;]<\/p>\n","protected":false},"author":1,"featured_media":0,"parent":0,"menu_order":0,"comment_status":"closed","ping_status":"closed","template":"","meta":{"_EventAllDay":false,"_EventTimezone":"","_EventStartDate":"","_EventEndDate":"","_EventStartDateUTC":"","_EventEndDateUTC":"","_EventShowMap":false,"_EventShowMapLink":false,"_EventURL":"","_EventCost":"","_EventCostDescription":"","_EventCurrencySymbol":"","_EventCurrencyCode":"","_EventCurrencyPosition":"","_EventDateTimeSeparator":"","_EventTimeRangeSeparator":"","_EventOrganizerID":[],"_EventVenueID":[],"_OrganizerEmail":"","_OrganizerPhone":"","_OrganizerWebsite":"","_VenueAddress":"","_VenueCity":"","_VenueCountry":"","_VenueProvince":"","_VenueState":"","_VenueZip":"","_VenuePhone":"","_VenueURL":"","_VenueStateProvince":"","_VenueLat":"","_VenueLng":"","_VenueShowMap":false,"_VenueShowMapLink":false,"footnotes":""},"class_list":["post-4736","page","type-page","status-publish","hentry"],"_links":{"self":[{"href":"https:\/\/tuttipertutti.org\/index.php\/wp-json\/wp\/v2\/pages\/4736","targetHints":{"allow":["GET"]}}],"collection":[{"href":"https:\/\/tuttipertutti.org\/index.php\/wp-json\/wp\/v2\/pages"}],"about":[{"href":"https:\/\/tuttipertutti.org\/index.php\/wp-json\/wp\/v2\/types\/page"}],"author":[{"embeddable":true,"href":"https:\/\/tuttipertutti.org\/index.php\/wp-json\/wp\/v2\/users\/1"}],"replies":[{"embeddable":true,"href":"https:\/\/tuttipertutti.org\/index.php\/wp-json\/wp\/v2\/comments?post=4736"}],"version-history":[{"count":13,"href":"https:\/\/tuttipertutti.org\/index.php\/wp-json\/wp\/v2\/pages\/4736\/revisions"}],"predecessor-version":[{"id":4940,"href":"https:\/\/tuttipertutti.org\/index.php\/wp-json\/wp\/v2\/pages\/4736\/revisions\/4940"}],"wp:attachment":[{"href":"https:\/\/tuttipertutti.org\/index.php\/wp-json\/wp\/v2\/media?parent=4736"}],"curies":[{"name":"wp","href":"https:\/\/api.w.org\/{rel}","templated":true}]}}