{"id":4812,"date":"2024-01-18T17:04:28","date_gmt":"2024-01-18T17:04:28","guid":{"rendered":"https:\/\/tuttipertutti.org\/?page_id=4812"},"modified":"2024-03-04T16:05:13","modified_gmt":"2024-03-04T15:05:13","slug":"dona-adesso","status":"publish","type":"page","link":"https:\/\/tuttipertutti.org\/index.php\/dona-adesso\/","title":{"rendered":"Dona adesso"},"content":{"rendered":"<section class=\"wpb-content-wrapper\"><p>[vc_row][vc_column width=&#8221;1\/2&#8243;][vc_column_text]<span style=\"color: #333333;\"><strong>Donazione del 5&#215;1000<\/strong><\/span><\/p>\n<p><span style=\"color: #333333;\">Donare il tuo 5\u00d71000 all&#8217;associazione Tutti x Tutti \u00e8 <strong>un gesto di generosit\u00e0 che non ti costa nulla<\/strong>, in quanto questa donazione non modifica in nessun modo l\u2019importo della tassazione Irpef dovuta allo stato. In pratica, se non scegli a chi donare il 5&#215;1000 sulla dichiarazione dei redditi, l&#8217;importo ti sar\u00e0 comunque conteggiato e sar\u00e0 destinato allo stato italiano.<\/span><\/p>\n<p><span style=\"color: #333333;\"><strong>Per donare il 5&#215;1000 a Tutti x Tutti APS<\/strong> occorre semplicemente apporre la propria firma sull&#8217;apposito riquadro presente in dichiarazione dei redditi e inserire il codice fiscale 92099790518 (<strong><span style=\"color: #008000;\">come riportato sull&#8217;immagine riquadrata in verde<\/span><\/strong>)<\/span><\/p>\n<p><span style=\"color: #333333;\"><strong>Anche\u00a0chi non fa la dichiarazione dei redditi pu\u00f2 donare il 5\u00d71000<\/strong> attraverso la scheda integrativa per il 5\u00d71000 contenuta nella Certificazione Unica da mettere in busta chiusa e su cui apporre la scritta \u201cscelta per la destinazione del 5\u00d71000 dell\u2019IRPEF\u201d, con indicazione di nome, cognome e codice fiscale del contribuente. La busta va consegnata a uno dei seguenti soggetti: un ufficio postale (servizio gratuito), una banca, un intermediario abilitato alla trasmissione telematica (professionista, Caf, ecc.), direttamente attraverso i servizi telematici dell\u2019Agenzia (se abilitati).<\/span>[\/vc_column_text][\/vc_column][vc_column width=&#8221;1\/2&#8243;][vc_column_text]<img loading=\"lazy\" decoding=\"async\" class=\"alignnone wp-image-4954 size-full\" src=\"https:\/\/tuttipertutti.org\/wp-content\/uploads\/2024\/03\/5x1000.jpg\" alt=\"\" width=\"700\" height=\"567\" srcset=\"https:\/\/tuttipertutti.org\/wp-content\/uploads\/2024\/03\/5x1000.jpg 700w, https:\/\/tuttipertutti.org\/wp-content\/uploads\/2024\/03\/5x1000-300x243.jpg 300w\" sizes=\"auto, (max-width: 700px) 100vw, 700px\" \/>[\/vc_column_text][\/vc_column][\/vc_row][vc_row][vc_column][vc_empty_space height=&#8221;50px&#8221;][vc_separator color=&#8221;custom&#8221; accent_color=&#8221;#606060&#8243;][vc_empty_space height=&#8221;50px&#8221;][\/vc_column][\/vc_row][vc_row][vc_column width=&#8221;1\/2&#8243;][vc_column_text]<span style=\"color: #333333;\">la nostra associazione accetta donazioni tramite il pos virtuale offerto dal servizio <strong>Paypal<\/strong> (che comprende anche le pi\u00f9 comuni carte di pagamento, comprese le ricaricabili). Per accedere alle donazioni tramite il pos virtuale di Paypal cliccare sul pulsante <strong>Dona Adesso<\/strong> presente sulla destra.<\/span><\/p>\n<p><span style=\"color: #333333;\">Con questo metodo potrete effettuare <strong>donazioni una tantum o periodiche<\/strong> (<strong>mensili<\/strong> o <strong>annuali<\/strong>). Nel caso di donazioni periodiche sar\u00e0 impostato da parte di paypal un pagamento ricorrente che potrete poi sospendere in qualsiasi momento.<\/span>[\/vc_column_text][\/vc_column][vc_column width=&#8221;1\/2&#8243;][vc_column_text]<\/p>\n<form action=\"https:\/\/www.paypal.com\/donate\" method=\"post\" target=\"_top\">\n<p style=\"text-align: center;\"><input name=\"hosted_button_id\" type=\"hidden\" value=\"8TJ6E9JTFJPNU\" \/><br \/>\n<input style=\"width: 280px; height: 50px; background: #1952a1; color: #fff; text-align: center; cursor: pointer; padding: 10px; border-radius: 3px 3px 3px 3px; border: 0px; font-weight: bold; font-size: 20px;\" type=\"submit\" value=\"Paypal \/ Carta di Credito\" \/><\/p>\n<p style=\"text-align: center;\"><img loading=\"lazy\" decoding=\"async\" class=\"alignnone wp-image-4913 size-full\" src=\"https:\/\/tuttipertutti.org\/wp-content\/uploads\/2024\/01\/logo_paypal_carte.jpg\" alt=\"\" width=\"319\" height=\"110\" srcset=\"https:\/\/tuttipertutti.org\/wp-content\/uploads\/2024\/01\/logo_paypal_carte.jpg 319w, https:\/\/tuttipertutti.org\/wp-content\/uploads\/2024\/01\/logo_paypal_carte-300x103.jpg 300w\" sizes=\"auto, (max-width: 319px) 100vw, 319px\" \/><\/p>\n<\/form>\n<p>[\/vc_column_text][\/vc_column][\/vc_row][vc_row][vc_column][vc_empty_space height=&#8221;50px&#8221;][vc_separator color=&#8221;custom&#8221; accent_color=&#8221;#606060&#8243;][vc_empty_space height=&#8221;50px&#8221;][\/vc_column][\/vc_row][vc_row][vc_column width=&#8221;2\/3&#8243;][vc_column_text]<span style=\"color: #333333;\">Altrimenti se lo desiderate potete effettuare una donazione mediante <strong>Bonifico Bancario<\/strong> inserendo le seguenti coordinate:<\/span><\/p>\n<p><span style=\"color: #333333;\">IBAN: <strong>IT90B0538771335000004034177<\/strong><br \/>\nintestato a: <strong>Tutti x Tutti APS<\/strong><br \/>\nCausale: <strong>Erogazione Liberale effettuata da ***<\/strong><\/span><\/p>\n<p><span style=\"color: #333333;\">in cui al posto degli asterischi (<strong>***<\/strong>) potete inserire nome e cognome del donatore o la ragione sociale della vostra azienda.<\/span><\/p>\n<p><span style=\"color: #333333;\">Vi invitiamo ad inviarci una email contenente i vostri dati personali e\/o i dati della vostra azienda all&#8217;indirizzo <a href=\"mailto:info@tuttixtutti.org\">info@tuttixtutti.org<\/a> per ottenere <strong>ricevuta del versamento effettuato<\/strong>.<\/span><\/p>\n<p>&nbsp;<\/p>\n<p>[\/vc_column_text][\/vc_column][vc_column width=&#8221;1\/3&#8243;][vc_single_image image=&#8221;4924&#8243; alignment=&#8221;center&#8221;][vc_column_text]<\/p>\n<p style=\"text-align: center;\"><span style=\"color: #333300;\"><strong>Bonifico<\/strong><\/span><br \/>\n<span style=\"color: #333300;\"><strong>Bancario<\/strong><\/span><\/p>\n<p>[\/vc_column_text][\/vc_column][\/vc_row]<\/p>\n<\/section>","protected":false},"excerpt":{"rendered":"<p>[vc_row][vc_column width=&#8221;1\/2&#8243;][vc_column_text]Donazione del 5&#215;1000 Donare il tuo 5\u00d71000 all&#8217;associazione Tutti x Tutti \u00e8 un gesto di generosit\u00e0 che non ti costa nulla, in quanto questa donazione non modifica in nessun [&hellip;]<\/p>\n","protected":false},"author":1,"featured_media":0,"parent":0,"menu_order":0,"comment_status":"closed","ping_status":"closed","template":"","meta":{"_EventAllDay":false,"_EventTimezone":"","_EventStartDate":"","_EventEndDate":"","_EventStartDateUTC":"","_EventEndDateUTC":"","_EventShowMap":false,"_EventShowMapLink":false,"_EventURL":"","_EventCost":"","_EventCostDescription":"","_EventCurrencySymbol":"","_EventCurrencyCode":"","_EventCurrencyPosition":"","_EventDateTimeSeparator":"","_EventTimeRangeSeparator":"","_EventOrganizerID":[],"_EventVenueID":[],"_OrganizerEmail":"","_OrganizerPhone":"","_OrganizerWebsite":"","_VenueAddress":"","_VenueCity":"","_VenueCountry":"","_VenueProvince":"","_VenueState":"","_VenueZip":"","_VenuePhone":"","_VenueURL":"","_VenueStateProvince":"","_VenueLat":"","_VenueLng":"","_VenueShowMap":false,"_VenueShowMapLink":false,"footnotes":""},"class_list":["post-4812","page","type-page","status-publish","hentry"],"_links":{"self":[{"href":"https:\/\/tuttipertutti.org\/index.php\/wp-json\/wp\/v2\/pages\/4812","targetHints":{"allow":["GET"]}}],"collection":[{"href":"https:\/\/tuttipertutti.org\/index.php\/wp-json\/wp\/v2\/pages"}],"about":[{"href":"https:\/\/tuttipertutti.org\/index.php\/wp-json\/wp\/v2\/types\/page"}],"author":[{"embeddable":true,"href":"https:\/\/tuttipertutti.org\/index.php\/wp-json\/wp\/v2\/users\/1"}],"replies":[{"embeddable":true,"href":"https:\/\/tuttipertutti.org\/index.php\/wp-json\/wp\/v2\/comments?post=4812"}],"version-history":[{"count":22,"href":"https:\/\/tuttipertutti.org\/index.php\/wp-json\/wp\/v2\/pages\/4812\/revisions"}],"predecessor-version":[{"id":4963,"href":"https:\/\/tuttipertutti.org\/index.php\/wp-json\/wp\/v2\/pages\/4812\/revisions\/4963"}],"wp:attachment":[{"href":"https:\/\/tuttipertutti.org\/index.php\/wp-json\/wp\/v2\/media?parent=4812"}],"curies":[{"name":"wp","href":"https:\/\/api.w.org\/{rel}","templated":true}]}}